{"id":121,"date":"2025-06-11T08:20:44","date_gmt":"2025-06-11T08:20:44","guid":{"rendered":"https:\/\/sevenwinds.fr\/?page_id=121"},"modified":"2026-02-05T11:04:29","modified_gmt":"2026-02-05T11:04:29","slug":"reserver","status":"publish","type":"page","link":"https:\/\/sevenwinds.fr\/en\/reserver\/","title":{"rendered":"Book"},"content":{"rendered":"\t\t<div data-elementor-type=\"wp-page\" data-elementor-id=\"121\" class=\"elementor elementor-121\">\n\t\t\t\t<div class=\"elementor-element elementor-element-ab96eb8 e-flex e-con-boxed e-con e-parent\" data-id=\"ab96eb8\" data-element_type=\"container\">\n\t\t\t\t\t<div class=\"e-con-inner\">\n\t\t\t\t<div class=\"elementor-element elementor-element-eb8b78b elementor-widget elementor-widget-heading\" data-id=\"eb8b78b\" data-element_type=\"widget\" data-widget_type=\"heading.default\">\n\t\t\t\t<div class=\"elementor-widget-container\">\n\t\t\t\t\t<h2 class=\"elementor-heading-title elementor-size-default\">R\u00e9servation<\/h2>\t\t\t\t<\/div>\n\t\t\t\t<\/div>\n\t\t\t\t\t<\/div>\n\t\t\t\t<\/div>\n\t\t<div class=\"elementor-element elementor-element-05bc44a e-flex e-con-boxed e-con e-parent\" data-id=\"05bc44a\" data-element_type=\"container\">\n\t\t\t\t\t<div class=\"e-con-inner\">\n\t\t\t\t<div class=\"elementor-element elementor-element-550f63b elementor-widget elementor-widget-text-editor\" data-id=\"550f63b\" data-element_type=\"widget\" data-widget_type=\"text-editor.default\">\n\t\t\t\t<div class=\"elementor-widget-container\">\n\t\t\t\t\t\t\t\t\t<p>Pour r\u00e9server une session ou un pack, <strong>compl\u00e9tez ce formulaire en pr\u00e9cisant votre demande dans la case \u00ab\u00a0Demande de r\u00e9servation\u00a0\u00bb<\/strong>. Vous recevrez ensuite les informations par mail. Pensez \u00e0 regarder dans vos spams lors de votre 1re demande.<\/p><p><strong>Important : ne r\u00e9servez pas pour le jour-m\u00eame<\/strong>, je ne serai pas en mesure de valider votre demande.<\/p><p>N&rsquo;h\u00e9sitez pas \u00e0 me contacter par WhatsApp au 06 24 94 37 06 si besoin.<\/p>\t\t\t\t\t\t\t\t<\/div>\n\t\t\t\t<\/div>\n\t\t\t\t<div class=\"elementor-element elementor-element-2bead78 elementor-widget elementor-widget-wpforms\" data-id=\"2bead78\" data-element_type=\"widget\" data-widget_type=\"wpforms.default\">\n\t\t\t\t<div class=\"elementor-widget-container\">\n\t\t\t\t\t<div class=\"wpforms-container wpforms-container-full wpforms-render-modern\" id=\"wpforms-205\"><form id=\"wpforms-form-205\" class=\"wpforms-validate wpforms-form wpforms-ajax-form\" data-formid=\"205\" method=\"post\" enctype=\"multipart\/form-data\" action=\"\/en\/wp-json\/wp\/v2\/pages\/121\" data-token=\"646db332b4af9bafa0c2ca03c52cf178\" data-token-time=\"1776518047\"><noscript class=\"wpforms-error-noscript\">Please enable JavaScript in your browser to complete this form.<\/noscript><div id=\"wpforms-error-noscript\" style=\"display: none;\">Please enable JavaScript in your browser to complete this form.<\/div><div class=\"wpforms-field-container\"><div id=\"wpforms-205-field_1-container\" class=\"wpforms-field wpforms-field-name\" data-field-id=\"1\"><fieldset><legend class=\"wpforms-field-label\">On fait connaissance ? <span class=\"wpforms-required-label\" aria-hidden=\"true\">*<\/span><\/legend><div class=\"wpforms-field-row wpforms-field-medium\"><div class=\"wpforms-field-row-block wpforms-first wpforms-one-half\"><input type=\"text\" id=\"wpforms-205-field_1\" class=\"wpforms-field-name-first wpforms-field-required\" name=\"wpforms[fields][1][first]\" aria-errormessage=\"wpforms-205-field_1-error\" required><label for=\"wpforms-205-field_1\" class=\"wpforms-field-sublabel after\">First<\/label><\/div><div class=\"wpforms-field-row-block wpforms-one-half\"><input type=\"text\" id=\"wpforms-205-field_1-last\" class=\"wpforms-field-name-last wpforms-field-required\" name=\"wpforms[fields][1][last]\" aria-errormessage=\"wpforms-205-field_1-last-error\" required><label for=\"wpforms-205-field_1-last\" class=\"wpforms-field-sublabel after\">Last<\/label><\/div><\/div><\/fieldset><\/div><div id=\"wpforms-205-field_2-container\" class=\"wpforms-field wpforms-field-email\" data-field-id=\"2\"><label class=\"wpforms-field-label\" for=\"wpforms-205-field_2\">E-mail <span class=\"wpforms-required-label\" aria-hidden=\"true\">*<\/span><\/label><input type=\"email\" id=\"wpforms-205-field_2\" class=\"wpforms-field-medium wpforms-field-required\" name=\"wpforms[fields][2]\" spellcheck=\"false\" aria-errormessage=\"wpforms-205-field_2-error\" required><\/div><div id=\"wpforms-205-field_5-container\" class=\"wpforms-field wpforms-field-textarea\" data-field-id=\"5\"><label class=\"wpforms-field-label\" for=\"wpforms-205-field_5\">Adresse postale et t\u00e9l\u00e9phone <span class=\"wpforms-required-label\" aria-hidden=\"true\">*<\/span><\/label><textarea id=\"wpforms-205-field_5\" class=\"wpforms-field-medium wpforms-field-required\" name=\"wpforms[fields][5]\" aria-errormessage=\"wpforms-205-field_5-error\" aria-describedby=\"wpforms-205-field_5-description\" required><\/textarea><div id=\"wpforms-205-field_5-description\" class=\"wpforms-field-description\">L'adresse est n\u00e9cessaire pour que je puisse \u00e9tablir votre facture, le num\u00e9ro de t\u00e9l\u00e9phone pour que je puisse vous contacter plus facilement pour organiser l'activit\u00e9.<\/div><\/div><div id=\"wpforms-205-field_6-container\" class=\"wpforms-field wpforms-field-checkbox\" data-field-id=\"6\"><fieldset><legend class=\"wpforms-field-label\">Assurance obligatoire <span class=\"wpforms-required-label\" aria-hidden=\"true\">*<\/span><\/legend><ul id=\"wpforms-205-field_6\" class=\"wpforms-field-required\"><li class=\"choice-1 depth-1\"><input type=\"checkbox\" id=\"wpforms-205-field_6_1\" name=\"wpforms[fields][6][]\" value=\"J&#039;atteste \u00eatre couvert en responsabilit\u00e9 civile pour le sport pour lequel je souhaite r\u00e9server (wingfoil ou planche \u00e0 voile)\" aria-errormessage=\"wpforms-205-field_6_1-error\" required ><label class=\"wpforms-field-label-inline\" for=\"wpforms-205-field_6_1\">J'atteste \u00eatre couvert en responsabilit\u00e9 civile pour le sport pour lequel je souhaite r\u00e9server (wingfoil ou planche \u00e0 voile)<\/label><\/li><\/ul><\/fieldset><\/div><div id=\"wpforms-205-field_7-container\" class=\"wpforms-field wpforms-field-checkbox\" data-field-id=\"7\"><fieldset><legend class=\"wpforms-field-label\">Conditions G\u00e9n\u00e9rales de Vente (CGV) <span class=\"wpforms-required-label\" aria-hidden=\"true\">*<\/span><\/legend><ul id=\"wpforms-205-field_7\" class=\"wpforms-field-required\"><li class=\"choice-4 depth-1\"><input type=\"checkbox\" id=\"wpforms-205-field_7_4\" name=\"wpforms[fields][7][]\" value=\"J&#039;ai lu et j&#039;accepte les &lt;a target=&quot;_blank&quot; href=&quot;https:\/\/Sevenwinds.fr\/cgv&quot;&gt;Conditions G\u00e9n\u00e9rales de Vente&lt;\/a&gt;.\" aria-errormessage=\"wpforms-205-field_7_4-error\" required ><label class=\"wpforms-field-label-inline\" for=\"wpforms-205-field_7_4\">J'ai lu et j'accepte les <a target=\"_blank\" href=\"https:\/\/Sevenwinds.fr\/cgv\">Conditions G\u00e9n\u00e9rales de Vente<\/a>.<\/label><\/li><\/ul><\/fieldset><\/div>\t\t<div id=\"wpforms-205-field_4-container\"\n\t\t\tclass=\"wpforms-field wpforms-field-text\"\n\t\t\tdata-field-type=\"text\"\n\t\t\tdata-field-id=\"4\"\n\t\t\t>\n\t\t\t<label class=\"wpforms-field-label\" for=\"wpforms-205-field_4\" >Vente de r\u00e9servation<\/label>\n\t\t\t<input type=\"text\" id=\"wpforms-205-field_4\" class=\"wpforms-field-medium\" name=\"wpforms[fields][4]\" >\n\t\t<\/div>\n\t\t<div id=\"wpforms-205-field_3-container\" class=\"wpforms-field wpforms-field-textarea\" data-field-id=\"3\"><label class=\"wpforms-field-label\" for=\"wpforms-205-field_3\">Demande de r\u00e9servation <span class=\"wpforms-required-label\" aria-hidden=\"true\">*<\/span><\/label><textarea id=\"wpforms-205-field_3\" class=\"wpforms-field-medium wpforms-field-required\" name=\"wpforms[fields][3]\" aria-errormessage=\"wpforms-205-field_3-error\" aria-describedby=\"wpforms-205-field_3-description\" required><\/textarea><div id=\"wpforms-205-field_3-description\" class=\"wpforms-field-description\">Pr\u00e9cisez l'offre souhait\u00e9e, le nombre de participants, la ou les dates ainsi que la demi-journ\u00e9e (matin ou apr\u00e8s-midi) et le moyen de paiement (virement, lien de paiement, esp\u00e8ces ou ch\u00e8ques-vacances). Pour une carte cadeau, indiquez \u00e9galement le pr\u00e9nom et le nom du b\u00e9n\u00e9ficiaire.<\/div><\/div><script>\n\t\t\t\t( function() {\n\t\t\t\t\tconst style = document.createElement( 'style' );\n\t\t\t\t\tstyle.appendChild( document.createTextNode( '#wpforms-205-field_4-container { position: absolute !important; overflow: hidden !important; display: inline !important; height: 1px !important; width: 1px !important; z-index: -1000 !important; padding: 0 !important; } #wpforms-205-field_4-container input { visibility: hidden; } #wpforms-conversational-form-page #wpforms-205-field_4-container label { counter-increment: none; }' ) );\n\t\t\t\t\tdocument.head.appendChild( style );\n\t\t\t\t\tdocument.currentScript?.remove();\n\t\t\t\t} )();\n\t\t\t<\/script><\/div><!-- .wpforms-field-container --><div class=\"wpforms-submit-container\" ><input type=\"hidden\" name=\"wpforms[id]\" value=\"205\"><input type=\"hidden\" name=\"page_title\" value=\"\"><input type=\"hidden\" name=\"page_url\" value=\"https:\/\/sevenwinds.fr\/en\/wp-json\/wp\/v2\/pages\/121\"><input type=\"hidden\" name=\"url_referer\" value=\"\"><button type=\"submit\" name=\"wpforms[submit]\" id=\"wpforms-submit-205\" class=\"wpforms-submit\" data-alt-text=\"Envoi...\" data-submit-text=\"Envoyer\" aria-live=\"assertive\" value=\"wpforms-submit\">Envoyer<\/button><img decoding=\"async\" src=\"https:\/\/sevenwinds.fr\/wp-content\/plugins\/wpforms-lite\/assets\/images\/submit-spin.svg\" class=\"wpforms-submit-spinner\" style=\"display: none;\" width=\"26\" height=\"26\" alt=\"Loading\"><\/div><\/form><\/div>  <!-- .wpforms-container -->\t\t\t\t<\/div>\n\t\t\t\t<\/div>\n\t\t\t\t\t<\/div>\n\t\t\t\t<\/div>\n\t\t<div class=\"elementor-element elementor-element-dbe23c7 e-flex e-con-boxed e-con e-parent\" data-id=\"dbe23c7\" data-element_type=\"container\">\n\t\t\t\t\t<div class=\"e-con-inner\">\n\t\t\t\t<div class=\"elementor-element elementor-element-7597cbd elementor-widget elementor-widget-text-editor\" data-id=\"7597cbd\" data-element_type=\"widget\" data-widget_type=\"text-editor.default\">\n\t\t\t\t<div class=\"elementor-widget-container\">\n\t\t\t\t\t\t\t\t\t<p data-start=\"303\" data-end=\"338\"><strong data-start=\"303\" data-end=\"338\">Assurance<\/strong><\/p><p data-start=\"340\" data-end=\"538\">Il est n\u00e9cessaire que vous soyez couvert par une <strong data-start=\"392\" data-end=\"427\">assurance responsabilit\u00e9 civile<\/strong> pour la pratique du sport nautique que vous souhaitez r\u00e9server (wingfoil ou planche \u00e0 voile).<\/p><p data-start=\"540\" data-end=\"741\">Dans la plupart des cas, cette couverture est d\u00e9j\u00e0 incluse dans votre <strong data-start=\"610\" data-end=\"647\">assurance multirisques habitation<\/strong>. Je vous invite \u00e0 <strong data-start=\"681\" data-end=\"693\">v\u00e9rifier<\/strong> que ce type d\u2019activit\u00e9 est bien pris en charge.<\/p><p data-start=\"743\" data-end=\"963\">Si ce n\u2019est pas le cas, il est possible de souscrire une <strong data-start=\"800\" data-end=\"828\">assurance compl\u00e9mentaire<\/strong>, notamment via la <strong data-start=\"847\" data-end=\"870\">prise d&rsquo;une licence<\/strong>. N\u2019h\u00e9sitez pas \u00e0 me contacter : je vous accompagnerai avec plaisir dans cette d\u00e9marche.<\/p>\t\t\t\t\t\t\t\t<\/div>\n\t\t\t\t<\/div>\n\t\t\t\t\t<\/div>\n\t\t\t\t<\/div>\n\t\t<div class=\"elementor-element elementor-element-2d91dd2 e-flex e-con-boxed e-con e-parent\" data-id=\"2d91dd2\" data-element_type=\"container\">\n\t\t\t\t\t<div class=\"e-con-inner\">\n\t\t\t\t<div class=\"elementor-element elementor-element-7db61b7 elementor-widget elementor-widget-text-editor\" data-id=\"7db61b7\" data-element_type=\"widget\" data-widget_type=\"text-editor.default\">\n\t\t\t\t<div class=\"elementor-widget-container\">\n\t\t\t\t\t\t\t\t\t<p><strong>Jeunes<\/strong><\/p><p>Pour les mineurs, Seven Winds demande la signature d&rsquo;une attestation parentale garantissant l&rsquo;aisance aquatique de l&rsquo;enfant. Ce document est t\u00e9l\u00e9chargeable <a href=\"https:\/\/sevenwinds.fr\/wp-content\/uploads\/2026\/02\/Attestation-parentale.pdf\">ici<\/a>.<\/p>\t\t\t\t\t\t\t\t<\/div>\n\t\t\t\t<\/div>\n\t\t\t\t\t<\/div>\n\t\t\t\t<\/div>\n\t\t\t\t<\/div>\n\t\t","protected":false},"excerpt":{"rendered":"<p>R\u00e9servation Pour r\u00e9server une session ou un pack, compl\u00e9tez ce formulaire en pr\u00e9cisant votre demande dans la case \u00ab\u00a0Demande de [&hellip;]<\/p>\n","protected":false},"author":1,"featured_media":0,"parent":0,"menu_order":0,"comment_status":"closed","ping_status":"closed","template":"","meta":{"site-sidebar-layout":"no-sidebar","site-content-layout":"","ast-site-content-layout":"full-width-container","site-content-style":"default","site-sidebar-style":"default","ast-global-header-display":"","ast-banner-title-visibility":"","ast-main-header-display":"","ast-hfb-above-header-display":"","ast-hfb-below-header-display":"","ast-hfb-mobile-header-display":"","site-post-title":"disabled","ast-breadcrumbs-content":"","ast-featured-img":"disabled","footer-sml-layout":"","theme-transparent-header-meta":"","adv-header-id-meta":"","stick-header-meta":"","header-above-stick-meta":"","header-main-stick-meta":"","header-below-stick-meta":"","astra-migrate-meta-layouts":"default","ast-page-background-enabled":"default","ast-page-background-meta":{"desktop":{"background-color":"var(--ast-global-color-5)","background-image":"","background-repeat":"repeat","background-position":"center center","background-size":"auto","background-attachment":"scroll","background-type":"","background-media":"","overlay-type":"","overlay-color":"","overlay-opacity":"","overlay-gradient":""},"tablet":{"background-color":"","background-image":"","background-repeat":"repeat","background-position":"center center","background-size":"auto","background-attachment":"scroll","background-type":"","background-media":"","overlay-type":"","overlay-color":"","overlay-opacity":"","overlay-gradient":""},"mobile":{"background-color":"","background-image":"","background-repeat":"repeat","background-position":"center center","background-size":"auto","background-attachment":"scroll","background-type":"","background-media":"","overlay-type":"","overlay-color":"","overlay-opacity":"","overlay-gradient":""}},"ast-content-background-meta":{"desktop":{"background-color":"var(--ast-global-color-4)","background-image":"","background-repeat":"repeat","background-position":"center center","background-size":"auto","background-attachment":"scroll","background-type":"","background-media":"","overlay-type":"","overlay-color":"","overlay-opacity":"","overlay-gradient":""},"tablet":{"background-color":"var(--ast-global-color-4)","background-image":"","background-repeat":"repeat","background-position":"center center","background-size":"auto","background-attachment":"scroll","background-type":"","background-media":"","overlay-type":"","overlay-color":"","overlay-opacity":"","overlay-gradient":""},"mobile":{"background-color":"var(--ast-global-color-4)","background-image":"","background-repeat":"repeat","background-position":"center center","background-size":"auto","background-attachment":"scroll","background-type":"","background-media":"","overlay-type":"","overlay-color":"","overlay-opacity":"","overlay-gradient":""}},"footnotes":""},"class_list":["post-121","page","type-page","status-publish","hentry"],"yoast_head":"<!-- This site is optimized with the Yoast SEO plugin v27.3 - https:\/\/yoast.com\/product\/yoast-seo-wordpress\/ -->\n<title>R\u00e9server - sevenwinds.fr<\/title>\n<meta name=\"robots\" content=\"index, follow, max-snippet:-1, max-image-preview:large, max-video-preview:-1\" \/>\n<link rel=\"canonical\" href=\"https:\/\/sevenwinds.fr\/en\/reserver\/\" \/>\n<meta property=\"og:locale\" content=\"en_GB\" \/>\n<meta property=\"og:type\" content=\"article\" \/>\n<meta property=\"og:title\" content=\"R\u00e9server - sevenwinds.fr\" \/>\n<meta property=\"og:description\" content=\"R\u00e9servation Pour r\u00e9server une session ou un pack, compl\u00e9tez ce formulaire en pr\u00e9cisant votre demande dans la case \u00ab\u00a0Demande de [&hellip;]\" \/>\n<meta property=\"og:url\" content=\"https:\/\/sevenwinds.fr\/en\/reserver\/\" \/>\n<meta property=\"og:site_name\" content=\"sevenwinds.fr\" \/>\n<meta property=\"article:modified_time\" content=\"2026-02-05T11:04:29+00:00\" \/>\n<meta property=\"og:image\" content=\"https:\/\/sevenwinds.fr\/wp-content\/plugins\/wpforms-lite\/assets\/images\/submit-spin.svg\" \/>\n<meta name=\"twitter:card\" content=\"summary_large_image\" \/>\n<meta name=\"twitter:label1\" content=\"Estimated reading time\" \/>\n\t<meta name=\"twitter:data1\" content=\"2 minutes\" \/>\n<script type=\"application\/ld+json\" class=\"yoast-schema-graph\">{\"@context\":\"https:\\\/\\\/schema.org\",\"@graph\":[{\"@type\":\"WebPage\",\"@id\":\"https:\\\/\\\/sevenwinds.fr\\\/reserver\\\/\",\"url\":\"https:\\\/\\\/sevenwinds.fr\\\/reserver\\\/\",\"name\":\"R\u00e9server - sevenwinds.fr\",\"isPartOf\":{\"@id\":\"https:\\\/\\\/sevenwinds.fr\\\/#website\"},\"primaryImageOfPage\":{\"@id\":\"https:\\\/\\\/sevenwinds.fr\\\/reserver\\\/#primaryimage\"},\"image\":{\"@id\":\"https:\\\/\\\/sevenwinds.fr\\\/reserver\\\/#primaryimage\"},\"thumbnailUrl\":\"https:\\\/\\\/sevenwinds.fr\\\/wp-content\\\/plugins\\\/wpforms-lite\\\/assets\\\/images\\\/submit-spin.svg\",\"datePublished\":\"2025-06-11T08:20:44+00:00\",\"dateModified\":\"2026-02-05T11:04:29+00:00\",\"breadcrumb\":{\"@id\":\"https:\\\/\\\/sevenwinds.fr\\\/reserver\\\/#breadcrumb\"},\"inLanguage\":\"en-GB\",\"potentialAction\":[{\"@type\":\"ReadAction\",\"target\":[\"https:\\\/\\\/sevenwinds.fr\\\/reserver\\\/\"]}]},{\"@type\":\"ImageObject\",\"inLanguage\":\"en-GB\",\"@id\":\"https:\\\/\\\/sevenwinds.fr\\\/reserver\\\/#primaryimage\",\"url\":\"https:\\\/\\\/sevenwinds.fr\\\/wp-content\\\/plugins\\\/wpforms-lite\\\/assets\\\/images\\\/submit-spin.svg\",\"contentUrl\":\"https:\\\/\\\/sevenwinds.fr\\\/wp-content\\\/plugins\\\/wpforms-lite\\\/assets\\\/images\\\/submit-spin.svg\"},{\"@type\":\"BreadcrumbList\",\"@id\":\"https:\\\/\\\/sevenwinds.fr\\\/reserver\\\/#breadcrumb\",\"itemListElement\":[{\"@type\":\"ListItem\",\"position\":1,\"name\":\"Home\",\"item\":\"https:\\\/\\\/sevenwinds.fr\\\/\"},{\"@type\":\"ListItem\",\"position\":2,\"name\":\"R\u00e9server\"}]},{\"@type\":\"WebSite\",\"@id\":\"https:\\\/\\\/sevenwinds.fr\\\/#website\",\"url\":\"https:\\\/\\\/sevenwinds.fr\\\/\",\"name\":\"sevenwinds.fr\",\"description\":\"\",\"potentialAction\":[{\"@type\":\"SearchAction\",\"target\":{\"@type\":\"EntryPoint\",\"urlTemplate\":\"https:\\\/\\\/sevenwinds.fr\\\/?s={search_term_string}\"},\"query-input\":{\"@type\":\"PropertyValueSpecification\",\"valueRequired\":true,\"valueName\":\"search_term_string\"}}],\"inLanguage\":\"en-GB\"}]}<\/script>\n<!-- \/ Yoast SEO plugin. -->","yoast_head_json":{"title":"R\u00e9server - sevenwinds.fr","robots":{"index":"index","follow":"follow","max-snippet":"max-snippet:-1","max-image-preview":"max-image-preview:large","max-video-preview":"max-video-preview:-1"},"canonical":"https:\/\/sevenwinds.fr\/en\/reserver\/","og_locale":"en_GB","og_type":"article","og_title":"R\u00e9server - sevenwinds.fr","og_description":"R\u00e9servation Pour r\u00e9server une session ou un pack, compl\u00e9tez ce formulaire en pr\u00e9cisant votre demande dans la case \u00ab\u00a0Demande de [&hellip;]","og_url":"https:\/\/sevenwinds.fr\/en\/reserver\/","og_site_name":"sevenwinds.fr","article_modified_time":"2026-02-05T11:04:29+00:00","og_image":[{"url":"https:\/\/sevenwinds.fr\/wp-content\/plugins\/wpforms-lite\/assets\/images\/submit-spin.svg","type":"","width":"","height":""}],"twitter_card":"summary_large_image","twitter_misc":{"Estimated reading time":"2 minutes"},"schema":{"@context":"https:\/\/schema.org","@graph":[{"@type":"WebPage","@id":"https:\/\/sevenwinds.fr\/reserver\/","url":"https:\/\/sevenwinds.fr\/reserver\/","name":"R\u00e9server - sevenwinds.fr","isPartOf":{"@id":"https:\/\/sevenwinds.fr\/#website"},"primaryImageOfPage":{"@id":"https:\/\/sevenwinds.fr\/reserver\/#primaryimage"},"image":{"@id":"https:\/\/sevenwinds.fr\/reserver\/#primaryimage"},"thumbnailUrl":"https:\/\/sevenwinds.fr\/wp-content\/plugins\/wpforms-lite\/assets\/images\/submit-spin.svg","datePublished":"2025-06-11T08:20:44+00:00","dateModified":"2026-02-05T11:04:29+00:00","breadcrumb":{"@id":"https:\/\/sevenwinds.fr\/reserver\/#breadcrumb"},"inLanguage":"en-GB","potentialAction":[{"@type":"ReadAction","target":["https:\/\/sevenwinds.fr\/reserver\/"]}]},{"@type":"ImageObject","inLanguage":"en-GB","@id":"https:\/\/sevenwinds.fr\/reserver\/#primaryimage","url":"https:\/\/sevenwinds.fr\/wp-content\/plugins\/wpforms-lite\/assets\/images\/submit-spin.svg","contentUrl":"https:\/\/sevenwinds.fr\/wp-content\/plugins\/wpforms-lite\/assets\/images\/submit-spin.svg"},{"@type":"BreadcrumbList","@id":"https:\/\/sevenwinds.fr\/reserver\/#breadcrumb","itemListElement":[{"@type":"ListItem","position":1,"name":"Home","item":"https:\/\/sevenwinds.fr\/"},{"@type":"ListItem","position":2,"name":"R\u00e9server"}]},{"@type":"WebSite","@id":"https:\/\/sevenwinds.fr\/#website","url":"https:\/\/sevenwinds.fr\/","name":"sevenwinds.fr","description":"","potentialAction":[{"@type":"SearchAction","target":{"@type":"EntryPoint","urlTemplate":"https:\/\/sevenwinds.fr\/?s={search_term_string}"},"query-input":{"@type":"PropertyValueSpecification","valueRequired":true,"valueName":"search_term_string"}}],"inLanguage":"en-GB"}]}},"_links":{"self":[{"href":"https:\/\/sevenwinds.fr\/en\/wp-json\/wp\/v2\/pages\/121","targetHints":{"allow":["GET"]}}],"collection":[{"href":"https:\/\/sevenwinds.fr\/en\/wp-json\/wp\/v2\/pages"}],"about":[{"href":"https:\/\/sevenwinds.fr\/en\/wp-json\/wp\/v2\/types\/page"}],"author":[{"embeddable":true,"href":"https:\/\/sevenwinds.fr\/en\/wp-json\/wp\/v2\/users\/1"}],"replies":[{"embeddable":true,"href":"https:\/\/sevenwinds.fr\/en\/wp-json\/wp\/v2\/comments?post=121"}],"version-history":[{"count":70,"href":"https:\/\/sevenwinds.fr\/en\/wp-json\/wp\/v2\/pages\/121\/revisions"}],"predecessor-version":[{"id":1062,"href":"https:\/\/sevenwinds.fr\/en\/wp-json\/wp\/v2\/pages\/121\/revisions\/1062"}],"wp:attachment":[{"href":"https:\/\/sevenwinds.fr\/en\/wp-json\/wp\/v2\/media?parent=121"}],"curies":[{"name":"wp","href":"https:\/\/api.w.org\/{rel}","templated":true}]}}