{"id":165,"date":"2025-06-23T13:48:53","date_gmt":"2025-06-23T13:48:53","guid":{"rendered":"https:\/\/sevenwinds.fr\/?page_id=165"},"modified":"2026-02-20T11:21:51","modified_gmt":"2026-02-20T11:21:51","slug":"mentions-legales","status":"publish","type":"page","link":"https:\/\/sevenwinds.fr\/en\/mentions-legales\/","title":{"rendered":"Legal information"},"content":{"rendered":"<div data-elementor-type=\"wp-page\" data-elementor-id=\"165\" class=\"elementor elementor-165\">\n\t\t\t\t<div class=\"elementor-element elementor-element-98bfd40 e-flex e-con-boxed e-con e-parent\" data-id=\"98bfd40\" data-element_type=\"container\">\n\t\t\t\t\t<div class=\"e-con-inner\">\n\t\t\t\t<div class=\"elementor-element elementor-element-e45696b elementor-widget elementor-widget-heading\" data-id=\"e45696b\" data-element_type=\"widget\" data-widget_type=\"heading.default\">\n\t\t\t\t<div class=\"elementor-widget-container\">\n\t\t\t\t\t<h2 class=\"elementor-heading-title elementor-size-default\">Legal information<\/h2>\t\t\t\t<\/div>\n\t\t\t\t<\/div>\n\t\t\t\t\t<\/div>\n\t\t\t\t<\/div>\n\t\t<div class=\"elementor-element elementor-element-9ab5172 e-flex e-con-boxed e-con e-parent\" data-id=\"9ab5172\" data-element_type=\"container\">\n\t\t\t\t\t<div class=\"e-con-inner\">\n\t\t\t\t<div class=\"elementor-element elementor-element-3308ab7 elementor-widget elementor-widget-text-editor\" data-id=\"3308ab7\" data-element_type=\"widget\" data-widget_type=\"text-editor.default\">\n\t\t\t\t<div class=\"elementor-widget-container\">\n\t\t\t\t\t\t\t\t\t<h3 data-start=\"556\" data-end=\"579\"><strong data-start=\"560\" data-end=\"579\">Website publisher<\/strong><\/h3><p data-start=\"581\" data-end=\"951\"><strong data-start=\"581\" data-end=\"599\">Trade name<\/strong> : Seven Winds<br data-start=\"613\" data-end=\"616\" \/><strong data-start=\"616\" data-end=\"634\">Company name<\/strong> : Vincent Gratadour EI<br data-start=\"657\" data-end=\"660\" \/><strong data-start=\"660\" data-end=\"679\">Legal form<\/strong> : Micro-enterprise<br data-start=\"698\" data-end=\"701\" \/><strong data-start=\"701\" data-end=\"710\">SIRET<\/strong> : 941 541 880 00014<br data-start=\"730\" data-end=\"733\" \/><strong data-start=\"733\" data-end=\"760\">Head office address<\/strong> : 12 rue des Gardians, 34470 P\u00e9rols, France<br data-start=\"804\" data-end=\"807\" \/><strong data-start=\"807\" data-end=\"827\">Contact email<\/strong> : <a href=\"mailto:contact@sevenwinds.fr\">contact@sevenwinds.fr<\/a><br data-start=\"893\" data-end=\"896\" \/><strong data-start=\"896\" data-end=\"929\">Publication manager<\/strong> : Vincent Gratadour<\/p>\t\t\t\t\t\t\t\t<\/div>\n\t\t\t\t<\/div>\n\t\t\t\t\t<\/div>\n\t\t\t\t<\/div>\n\t\t<div class=\"elementor-element elementor-element-372f64c e-flex e-con-boxed e-con e-parent\" data-id=\"372f64c\" data-element_type=\"container\">\n\t\t\t\t\t<div class=\"e-con-inner\">\n\t\t\t\t<div class=\"elementor-element elementor-element-1436ea6 elementor-widget elementor-widget-text-editor\" data-id=\"1436ea6\" data-element_type=\"widget\" data-widget_type=\"text-editor.default\">\n\t\t\t\t<div class=\"elementor-widget-container\">\n\t\t\t\t\t\t\t\t\t<h3 data-start=\"958\" data-end=\"985\"><strong data-start=\"962\" data-end=\"985\">Website hosting<\/strong><\/h3><p data-start=\"987\" data-end=\"1012\">The website is hosted by :<\/p><p data-start=\"1014\" data-end=\"1155\"><strong data-start=\"1014\" data-end=\"1046\">Hostinger International Ltd.<\/strong><br data-start=\"1046\" data-end=\"1049\" \/>61 Lordou Vironos Street, 6023 Larnaca, Chypre<br data-start=\"1095\" data-end=\"1098\" \/>Website : <a class=\"\" href=\"https:\/\/www.hostinger.com\/\" target=\"_new\" rel=\"noopener\" data-start=\"1109\" data-end=\"1155\">www.hostinger.com<\/a><\/p>\t\t\t\t\t\t\t\t<\/div>\n\t\t\t\t<\/div>\n\t\t\t\t\t<\/div>\n\t\t\t\t<\/div>\n\t\t<div class=\"elementor-element elementor-element-75e0841 e-flex e-con-boxed e-con e-parent\" data-id=\"75e0841\" data-element_type=\"container\">\n\t\t\t\t\t<div class=\"e-con-inner\">\n\t\t\t\t<div class=\"elementor-element elementor-element-5b2740c elementor-widget elementor-widget-text-editor\" data-id=\"5b2740c\" data-element_type=\"widget\" data-widget_type=\"text-editor.default\">\n\t\t\t\t<div class=\"elementor-widget-container\">\n\t\t\t\t\t\t\t\t\t<h3 data-start=\"958\" data-end=\"985\"><strong data-start=\"962\" data-end=\"985\">Qualifications<\/strong><\/h3><p>Vincent Gratadour, publication manager and lead instructor at Seven Winds, holds a <strong data-start=\"287\" data-end=\"394\">BPJEPS (Professional Certificate in Youth, Sports and Leisure Education) specialising in sports instruction, with a focus on multi-support sailing up to 6 nautical miles from shelter<\/strong>, obtained on <strong data-start=\"406\" data-end=\"425\">23 January 2025<\/strong>.<br data-start=\"426\" data-end=\"429\" \/>He also holds a <strong data-start=\"456\" data-end=\"501\">professional sports instructor card<\/strong> no. <strong data-start=\"505\" data-end=\"520\" data-is-only-node=\"\">03425ED0074<\/strong>, issued by the DRAJES (Regional Academic Directorate for Youth, Engagement and Sports).<\/p>\t\t\t\t\t\t\t\t<\/div>\n\t\t\t\t<\/div>\n\t\t\t\t\t<\/div>\n\t\t\t\t<\/div>\n\t\t<div class=\"elementor-element elementor-element-33b7578 e-flex e-con-boxed e-con e-parent\" data-id=\"33b7578\" data-element_type=\"container\">\n\t\t\t\t\t<div class=\"e-con-inner\">\n\t\t\t\t<div class=\"elementor-element elementor-element-a803df7 elementor-widget elementor-widget-text-editor\" data-id=\"a803df7\" data-element_type=\"widget\" data-widget_type=\"text-editor.default\">\n\t\t\t\t<div class=\"elementor-widget-container\">\n\t\t\t\t\t\t\t\t\t<h3 data-start=\"1534\" data-end=\"1587\">Professional liability insurance<\/h3><p data-start=\"1590\" data-end=\"1923\">Seven Winds is covered by professional liability insurance, in accordance with current regulations, for the supervision of water sports activities.<br data-start=\"1804\" data-end=\"1807\" \/>This insurance covers any damage that may occur in the course of the services offered.<\/p><p data-start=\"1590\" data-end=\"1923\">The insurance is taken out with AXA through AN3S and covers activities in France.<\/p>\t\t\t\t\t\t\t\t<\/div>\n\t\t\t\t<\/div>\n\t\t\t\t\t<\/div>\n\t\t\t\t<\/div>\n\t\t<div class=\"elementor-element elementor-element-a14cbac e-flex e-con-boxed e-con e-parent\" data-id=\"a14cbac\" data-element_type=\"container\">\n\t\t\t\t\t<div class=\"e-con-inner\">\n\t\t\t\t<div class=\"elementor-element elementor-element-66fa8bc elementor-widget elementor-widget-text-editor\" data-id=\"66fa8bc\" data-element_type=\"widget\" data-widget_type=\"text-editor.default\">\n\t\t\t\t<div class=\"elementor-widget-container\">\n\t\t\t\t\t\t\t\t\t<h3 data-start=\"1562\" data-end=\"1594\"><strong data-start=\"1566\" data-end=\"1594\">Intellectual property<\/strong><\/h3><p data-start=\"1596\" data-end=\"1899\">The website <a class=\"\" href=\"https:\/\/sevenwinds.fr\/en\/\" target=\"_new\" rel=\"noopener\" data-start=\"1604\" data-end=\"1621\">sevenwinds.fr<\/a> and all of its content (text, images, videos, logos, etc.) are the exclusive property of Vincent Gratadour, unless otherwise stated.<br data-start=\"1762\" data-end=\"1765\" \/>Any reproduction, representation, modification or adaptation, in whole or in part, is prohibited without prior written authorisation.<\/p>\t\t\t\t\t\t\t\t<\/div>\n\t\t\t\t<\/div>\n\t\t\t\t\t<\/div>\n\t\t\t\t<\/div>\n\t\t<div class=\"elementor-element elementor-element-1efe146 e-flex e-con-boxed e-con e-parent\" data-id=\"1efe146\" data-element_type=\"container\">\n\t\t\t\t\t<div class=\"e-con-inner\">\n\t\t\t\t<div class=\"elementor-element elementor-element-68f997f elementor-widget elementor-widget-text-editor\" data-id=\"68f997f\" data-element_type=\"widget\" data-widget_type=\"text-editor.default\">\n\t\t\t\t<div class=\"elementor-widget-container\">\n\t\t\t\t\t\t\t\t\t<h3 data-start=\"1906\" data-end=\"1928\"><strong data-start=\"1910\" data-end=\"1928\">Responsibility<\/strong><\/h3><p data-start=\"1930\" data-end=\"2171\">Seven Winds strives to provide accurate and up-to-date information on its website. However, errors or omissions may occur. Users are invited to verify the accuracy of the information and to report any errors.<\/p><p data-start=\"2173\" data-end=\"2261\">Seven Winds cannot be held responsible for the use made of this information.<\/p>\t\t\t\t\t\t\t\t<\/div>\n\t\t\t\t<\/div>\n\t\t\t\t\t<\/div>\n\t\t\t\t<\/div>\n\t\t<div class=\"elementor-element elementor-element-04f5d18 e-flex e-con-boxed e-con e-parent\" data-id=\"04f5d18\" data-element_type=\"container\">\n\t\t\t\t\t<div class=\"e-con-inner\">\n\t\t\t\t<div class=\"elementor-element elementor-element-6089576 elementor-widget elementor-widget-text-editor\" data-id=\"6089576\" data-element_type=\"widget\" data-widget_type=\"text-editor.default\">\n\t\t\t\t<div class=\"elementor-widget-container\">\n\t\t\t\t\t\t\t\t\t<h3 data-start=\"2268\" data-end=\"2296\"><strong data-start=\"2272\" data-end=\"2296\">Personal data<\/strong><\/h3><p data-start=\"2298\" data-end=\"2788\">Personal data collected via the contact or booking form is treated confidentially and used solely for administrative and commercial management purposes.<br data-start=\"2498\" data-end=\"2501\" \/>In accordance with the amended French Data Protection Act of 6 January 1978 and the GDPR, you have the right to access, rectify and delete your data, which you can exercise at any time by emailing : <a href=\"mailto:contact@sevenwinds.fr\">contact@sevenwinds.fr<\/a><\/p>\t\t\t\t\t\t\t\t<\/div>\n\t\t\t\t<\/div>\n\t\t\t\t\t<\/div>\n\t\t\t\t<\/div>\n\t\t<div class=\"elementor-element elementor-element-ca81dfd e-flex e-con-boxed e-con e-parent\" data-id=\"ca81dfd\" data-element_type=\"container\">\n\t\t\t\t\t<div class=\"e-con-inner\">\n\t\t\t\t<div class=\"elementor-element elementor-element-8235639 elementor-widget elementor-widget-text-editor\" data-id=\"8235639\" data-element_type=\"widget\" data-widget_type=\"text-editor.default\">\n\t\t\t\t<div class=\"elementor-widget-container\">\n\t\t\t\t\t\t\t\t\t<h3 data-start=\"2795\" data-end=\"2810\"><strong data-start=\"2799\" data-end=\"2810\">Cookies<\/strong><\/h3><p data-start=\"2812\" data-end=\"2989\">The website may use cookies to improve the user experience and measure audience numbers. You can configure your browser to refuse all or some cookies.<\/p>\t\t\t\t\t\t\t\t<\/div>\n\t\t\t\t<\/div>\n\t\t\t\t\t<\/div>\n\t\t\t\t<\/div>\n\t\t<div class=\"elementor-element elementor-element-ec4a835 e-flex e-con-boxed e-con e-parent\" data-id=\"ec4a835\" data-element_type=\"container\">\n\t\t\t\t\t<div class=\"e-con-inner\">\n\t\t\t\t<div class=\"elementor-element elementor-element-60416fc elementor-widget elementor-widget-text-editor\" data-id=\"60416fc\" data-element_type=\"widget\" data-widget_type=\"text-editor.default\">\n\t\t\t\t<div class=\"elementor-widget-container\">\n\t\t\t\t\t\t\t\t\t<h3 data-start=\"2996\" data-end=\"3036\"><strong data-start=\"3000\" data-end=\"3036\">Disputes \u2013 Jurisdiction<\/strong><\/h3><p data-start=\"3038\" data-end=\"3257\">In the event of a dispute relating to the use of the website or the services provided by Seven Winds, the competent jurisdiction shall be that of the <strong data-start=\"3171\" data-end=\"3210\">Commercial Court of Montpellier<\/strong>, unless otherwise required by law.<\/p>\t\t\t\t\t\t\t\t<\/div>\n\t\t\t\t<\/div>\n\t\t\t\t\t<\/div>\n\t\t\t\t<\/div>\n\t\t\t\t<\/div>","protected":false},"excerpt":{"rendered":"<p>Mentions l\u00e9gales \u00c9diteur du site Nom commercial : Seven WindsRaison sociale : Vincent Gratadour EIForme juridique : Micro-entrepriseSIRET : 941 [&hellip;]<\/p>\n","protected":false},"author":1,"featured_media":0,"parent":0,"menu_order":0,"comment_status":"closed","ping_status":"closed","template":"","meta":{"site-sidebar-layout":"no-sidebar","site-content-layout":"","ast-site-content-layout":"full-width-container","site-content-style":"default","site-sidebar-style":"default","ast-global-header-display":"","ast-banner-title-visibility":"","ast-main-header-display":"","ast-hfb-above-header-display":"","ast-hfb-below-header-display":"","ast-hfb-mobile-header-display":"","site-post-title":"disabled","ast-breadcrumbs-content":"","ast-featured-img":"disabled","footer-sml-layout":"","theme-transparent-header-meta":"","adv-header-id-meta":"","stick-header-meta":"","header-above-stick-meta":"","header-main-stick-meta":"","header-below-stick-meta":"","astra-migrate-meta-layouts":"default","ast-page-background-enabled":"default","ast-page-background-meta":{"desktop":{"background-color":"var(--ast-global-color-5)","background-image":"","background-repeat":"repeat","background-position":"center center","background-size":"auto","background-attachment":"scroll","background-type":"","background-media":"","overlay-type":"","overlay-color":"","overlay-opacity":"","overlay-gradient":""},"tablet":{"background-color":"","background-image":"","background-repeat":"repeat","background-position":"center center","background-size":"auto","background-attachment":"scroll","background-type":"","background-media":"","overlay-type":"","overlay-color":"","overlay-opacity":"","overlay-gradient":""},"mobile":{"background-color":"","background-image":"","background-repeat":"repeat","background-position":"center center","background-size":"auto","background-attachment":"scroll","background-type":"","background-media":"","overlay-type":"","overlay-color":"","overlay-opacity":"","overlay-gradient":""}},"ast-content-background-meta":{"desktop":{"background-color":"var(--ast-global-color-4)","background-image":"","background-repeat":"repeat","background-position":"center center","background-size":"auto","background-attachment":"scroll","background-type":"","background-media":"","overlay-type":"","overlay-color":"","overlay-opacity":"","overlay-gradient":""},"tablet":{"background-color":"var(--ast-global-color-4)","background-image":"","background-repeat":"repeat","background-position":"center center","background-size":"auto","background-attachment":"scroll","background-type":"","background-media":"","overlay-type":"","overlay-color":"","overlay-opacity":"","overlay-gradient":""},"mobile":{"background-color":"var(--ast-global-color-4)","background-image":"","background-repeat":"repeat","background-position":"center center","background-size":"auto","background-attachment":"scroll","background-type":"","background-media":"","overlay-type":"","overlay-color":"","overlay-opacity":"","overlay-gradient":""}},"footnotes":""},"class_list":["post-165","page","type-page","status-publish","hentry"],"yoast_head":"<!-- This site is optimized with the Yoast SEO plugin v27.3 - https:\/\/yoast.com\/product\/yoast-seo-wordpress\/ -->\n<title>Mentions l\u00e9gales - sevenwinds.fr<\/title>\n<meta name=\"robots\" content=\"index, follow, max-snippet:-1, max-image-preview:large, max-video-preview:-1\" \/>\n<link rel=\"canonical\" href=\"https:\/\/sevenwinds.fr\/en\/mentions-legales\/\" \/>\n<meta property=\"og:locale\" content=\"en_GB\" \/>\n<meta property=\"og:type\" content=\"article\" \/>\n<meta property=\"og:title\" content=\"Mentions l\u00e9gales - sevenwinds.fr\" \/>\n<meta property=\"og:description\" content=\"Mentions l\u00e9gales \u00c9diteur du site Nom commercial : Seven WindsRaison sociale : Vincent Gratadour EIForme juridique : Micro-entrepriseSIRET : 941 [&hellip;]\" \/>\n<meta property=\"og:url\" content=\"https:\/\/sevenwinds.fr\/en\/mentions-legales\/\" \/>\n<meta property=\"og:site_name\" content=\"sevenwinds.fr\" \/>\n<meta property=\"article:modified_time\" content=\"2026-02-20T11:21:51+00:00\" \/>\n<meta name=\"twitter:card\" content=\"summary_large_image\" \/>\n<meta name=\"twitter:label1\" content=\"Estimated reading time\" \/>\n\t<meta name=\"twitter:data1\" content=\"3 minutes\" \/>\n<script type=\"application\/ld+json\" class=\"yoast-schema-graph\">{\"@context\":\"https:\\\/\\\/schema.org\",\"@graph\":[{\"@type\":\"WebPage\",\"@id\":\"https:\\\/\\\/sevenwinds.fr\\\/mentions-legales\\\/\",\"url\":\"https:\\\/\\\/sevenwinds.fr\\\/mentions-legales\\\/\",\"name\":\"Mentions l\u00e9gales - sevenwinds.fr\",\"isPartOf\":{\"@id\":\"https:\\\/\\\/sevenwinds.fr\\\/#website\"},\"datePublished\":\"2025-06-23T13:48:53+00:00\",\"dateModified\":\"2026-02-20T11:21:51+00:00\",\"breadcrumb\":{\"@id\":\"https:\\\/\\\/sevenwinds.fr\\\/mentions-legales\\\/#breadcrumb\"},\"inLanguage\":\"en-GB\",\"potentialAction\":[{\"@type\":\"ReadAction\",\"target\":[\"https:\\\/\\\/sevenwinds.fr\\\/mentions-legales\\\/\"]}]},{\"@type\":\"BreadcrumbList\",\"@id\":\"https:\\\/\\\/sevenwinds.fr\\\/mentions-legales\\\/#breadcrumb\",\"itemListElement\":[{\"@type\":\"ListItem\",\"position\":1,\"name\":\"Home\",\"item\":\"https:\\\/\\\/sevenwinds.fr\\\/\"},{\"@type\":\"ListItem\",\"position\":2,\"name\":\"Mentions l\u00e9gales\"}]},{\"@type\":\"WebSite\",\"@id\":\"https:\\\/\\\/sevenwinds.fr\\\/#website\",\"url\":\"https:\\\/\\\/sevenwinds.fr\\\/\",\"name\":\"sevenwinds.fr\",\"description\":\"\",\"potentialAction\":[{\"@type\":\"SearchAction\",\"target\":{\"@type\":\"EntryPoint\",\"urlTemplate\":\"https:\\\/\\\/sevenwinds.fr\\\/?s={search_term_string}\"},\"query-input\":{\"@type\":\"PropertyValueSpecification\",\"valueRequired\":true,\"valueName\":\"search_term_string\"}}],\"inLanguage\":\"en-GB\"}]}<\/script>\n<!-- \/ Yoast SEO plugin. -->","yoast_head_json":{"title":"Mentions l\u00e9gales - sevenwinds.fr","robots":{"index":"index","follow":"follow","max-snippet":"max-snippet:-1","max-image-preview":"max-image-preview:large","max-video-preview":"max-video-preview:-1"},"canonical":"https:\/\/sevenwinds.fr\/en\/mentions-legales\/","og_locale":"en_GB","og_type":"article","og_title":"Mentions l\u00e9gales - sevenwinds.fr","og_description":"Mentions l\u00e9gales \u00c9diteur du site Nom commercial : Seven WindsRaison sociale : Vincent Gratadour EIForme juridique : Micro-entrepriseSIRET : 941 [&hellip;]","og_url":"https:\/\/sevenwinds.fr\/en\/mentions-legales\/","og_site_name":"sevenwinds.fr","article_modified_time":"2026-02-20T11:21:51+00:00","twitter_card":"summary_large_image","twitter_misc":{"Estimated reading time":"3 minutes"},"schema":{"@context":"https:\/\/schema.org","@graph":[{"@type":"WebPage","@id":"https:\/\/sevenwinds.fr\/mentions-legales\/","url":"https:\/\/sevenwinds.fr\/mentions-legales\/","name":"Mentions l\u00e9gales - sevenwinds.fr","isPartOf":{"@id":"https:\/\/sevenwinds.fr\/#website"},"datePublished":"2025-06-23T13:48:53+00:00","dateModified":"2026-02-20T11:21:51+00:00","breadcrumb":{"@id":"https:\/\/sevenwinds.fr\/mentions-legales\/#breadcrumb"},"inLanguage":"en-GB","potentialAction":[{"@type":"ReadAction","target":["https:\/\/sevenwinds.fr\/mentions-legales\/"]}]},{"@type":"BreadcrumbList","@id":"https:\/\/sevenwinds.fr\/mentions-legales\/#breadcrumb","itemListElement":[{"@type":"ListItem","position":1,"name":"Home","item":"https:\/\/sevenwinds.fr\/"},{"@type":"ListItem","position":2,"name":"Mentions l\u00e9gales"}]},{"@type":"WebSite","@id":"https:\/\/sevenwinds.fr\/#website","url":"https:\/\/sevenwinds.fr\/","name":"sevenwinds.fr","description":"","potentialAction":[{"@type":"SearchAction","target":{"@type":"EntryPoint","urlTemplate":"https:\/\/sevenwinds.fr\/?s={search_term_string}"},"query-input":{"@type":"PropertyValueSpecification","valueRequired":true,"valueName":"search_term_string"}}],"inLanguage":"en-GB"}]}},"_links":{"self":[{"href":"https:\/\/sevenwinds.fr\/en\/wp-json\/wp\/v2\/pages\/165","targetHints":{"allow":["GET"]}}],"collection":[{"href":"https:\/\/sevenwinds.fr\/en\/wp-json\/wp\/v2\/pages"}],"about":[{"href":"https:\/\/sevenwinds.fr\/en\/wp-json\/wp\/v2\/types\/page"}],"author":[{"embeddable":true,"href":"https:\/\/sevenwinds.fr\/en\/wp-json\/wp\/v2\/users\/1"}],"replies":[{"embeddable":true,"href":"https:\/\/sevenwinds.fr\/en\/wp-json\/wp\/v2\/comments?post=165"}],"version-history":[{"count":31,"href":"https:\/\/sevenwinds.fr\/en\/wp-json\/wp\/v2\/pages\/165\/revisions"}],"predecessor-version":[{"id":1080,"href":"https:\/\/sevenwinds.fr\/en\/wp-json\/wp\/v2\/pages\/165\/revisions\/1080"}],"wp:attachment":[{"href":"https:\/\/sevenwinds.fr\/en\/wp-json\/wp\/v2\/media?parent=165"}],"curies":[{"name":"wp","href":"https:\/\/api.w.org\/{rel}","templated":true}]}}