{"id":717,"date":"2026-01-12T15:43:30","date_gmt":"2026-01-12T15:43:30","guid":{"rendered":"https:\/\/sevenwinds.fr\/?page_id=717"},"modified":"2026-02-02T09:20:02","modified_gmt":"2026-02-02T09:20:02","slug":"qui-suis-je","status":"publish","type":"page","link":"https:\/\/sevenwinds.fr\/en\/qui-suis-je\/","title":{"rendered":"Who am I ?"},"content":{"rendered":"<div data-elementor-type=\"wp-page\" data-elementor-id=\"717\" class=\"elementor elementor-717\">\n\t\t\t\t<div class=\"elementor-element elementor-element-106fdda e-flex e-con-boxed e-con e-parent\" data-id=\"106fdda\" data-element_type=\"container\">\n\t\t\t\t\t<div class=\"e-con-inner\">\n\t\t\t\t<div class=\"elementor-element elementor-element-deab2e1 elementor-widget elementor-widget-heading\" data-id=\"deab2e1\" data-element_type=\"widget\" data-widget_type=\"heading.default\">\n\t\t\t\t<div class=\"elementor-widget-container\">\n\t\t\t\t\t<h2 class=\"elementor-heading-title elementor-size-default\">Who am I ?<\/h2>\t\t\t\t<\/div>\n\t\t\t\t<\/div>\n\t\t\t\t\t<\/div>\n\t\t\t\t<\/div>\n\t\t<div class=\"elementor-element elementor-element-8d1b8f7 e-grid e-con-boxed e-con e-parent\" data-id=\"8d1b8f7\" data-element_type=\"container\">\n\t\t\t\t\t<div class=\"e-con-inner\">\n\t\t\t\t<div class=\"elementor-element elementor-element-d870131 elementor-widget elementor-widget-image\" data-id=\"d870131\" data-element_type=\"widget\" data-widget_type=\"image.default\">\n\t\t\t\t<div class=\"elementor-widget-container\">\n\t\t\t\t\t\t\t\t\t\t\t\t\t\t\t<img fetchpriority=\"high\" decoding=\"async\" width=\"1024\" height=\"906\" src=\"https:\/\/sevenwinds.fr\/wp-content\/uploads\/2026\/01\/image00026-1-1024x906.jpeg\" class=\"attachment-large size-large wp-image-719\" alt=\"\" srcset=\"https:\/\/sevenwinds.fr\/wp-content\/uploads\/2026\/01\/image00026-1-1024x906.jpeg 1024w, https:\/\/sevenwinds.fr\/wp-content\/uploads\/2026\/01\/image00026-1-300x265.jpeg 300w, https:\/\/sevenwinds.fr\/wp-content\/uploads\/2026\/01\/image00026-1-768x680.jpeg 768w, https:\/\/sevenwinds.fr\/wp-content\/uploads\/2026\/01\/image00026-1-1536x1359.jpeg 1536w, https:\/\/sevenwinds.fr\/wp-content\/uploads\/2026\/01\/image00026-1-2048x1812.jpeg 2048w\" sizes=\"(max-width: 1024px) 100vw, 1024px\" \/>\t\t\t\t\t\t\t\t\t\t\t\t\t\t\t<\/div>\n\t\t\t\t<\/div>\n\t\t\t\t<div class=\"elementor-element elementor-element-9248b72 elementor-widget elementor-widget-text-editor\" data-id=\"9248b72\" data-element_type=\"widget\" data-widget_type=\"text-editor.default\">\n\t\t\t\t<div class=\"elementor-widget-container\">\n\t\t\t\t\t\t\t\t\t<p style=\"font-weight: 400;\">A passionate water sports enthusiast for 30 years and a state-certified instructor, I founded Seven Winds in April 2025.<\/p><p style=\"font-weight: 400;\">Whether you want to discover wingfoiling or windsurfing, improve your skills, work on a manoeuvre or simply have fun, I will enthusiastically and expertly tailor my teaching to your needs, in French or English.<\/p><p style=\"font-weight: 400;\">I attach great importance to the atmosphere and the human aspect, and you can count on me to give you maximum energy !<\/p><p style=\"font-weight: 400;\">In fact, in writing these lines, I have simply sought to faithfully summarise the reviews you left me during the 1<sup>st<\/sup> season \ud83d\ude09<\/p><p style=\"font-weight: 400;\">And if you want to find out more, the (very) long version is available <a href=\"https:\/\/sevenwinds.fr\/en\/lhistoire\/\">here<\/a>.<\/p><p style=\"font-weight: 400;\">See you on the water !<\/p><p style=\"font-weight: 400;\">Vincent<\/p>\t\t\t\t\t\t\t\t<\/div>\n\t\t\t\t<\/div>\n\t\t\t\t\t<\/div>\n\t\t\t\t<\/div>\n\t\t<div class=\"elementor-element elementor-element-dca9a55 e-grid e-con-boxed e-con e-parent\" data-id=\"dca9a55\" data-element_type=\"container\">\n\t\t\t\t\t<div class=\"e-con-inner\">\n\t\t\t\t<div class=\"elementor-element elementor-element-859a96a elementor-align-center elementor-widget elementor-widget-button\" data-id=\"859a96a\" data-element_type=\"widget\" data-widget_type=\"button.default\">\n\t\t\t\t<div class=\"elementor-widget-container\">\n\t\t\t\t\t\t\t\t\t<div class=\"elementor-button-wrapper\">\n\t\t\t\t\t<a class=\"elementor-button elementor-button-link elementor-size-sm elementor-animation-shrink\" href=\"http:\/\/sevenwinds.fr\/en\/prestations\/\">\n\t\t\t\t\t\t<span class=\"elementor-button-content-wrapper\">\n\t\t\t\t\t\t\t\t\t<span class=\"elementor-button-text\">Services<\/span>\n\t\t\t\t\t<\/span>\n\t\t\t\t\t<\/a>\n\t\t\t\t<\/div>\n\t\t\t\t\t\t\t\t<\/div>\n\t\t\t\t<\/div>\n\t\t\t\t<div class=\"elementor-element elementor-element-e1e6f17 elementor-align-center elementor-widget elementor-widget-button\" data-id=\"e1e6f17\" data-element_type=\"widget\" data-widget_type=\"button.default\">\n\t\t\t\t<div class=\"elementor-widget-container\">\n\t\t\t\t\t\t\t\t\t<div class=\"elementor-button-wrapper\">\n\t\t\t\t\t<a class=\"elementor-button elementor-button-link elementor-size-sm elementor-animation-shrink\" href=\"http:\/\/sevenwinds.fr\/en\/reserver\/\">\n\t\t\t\t\t\t<span class=\"elementor-button-content-wrapper\">\n\t\t\t\t\t\t\t\t\t<span class=\"elementor-button-text\">Book<\/span>\n\t\t\t\t\t<\/span>\n\t\t\t\t\t<\/a>\n\t\t\t\t<\/div>\n\t\t\t\t\t\t\t\t<\/div>\n\t\t\t\t<\/div>\n\t\t\t\t\t<\/div>\n\t\t\t\t<\/div>\n\t\t<div class=\"elementor-element elementor-element-a3b12e8 e-flex e-con-boxed e-con e-parent\" data-id=\"a3b12e8\" data-element_type=\"container\">\n\t\t\t\t\t<div class=\"e-con-inner\">\n\t\t\t\t<div class=\"elementor-element elementor-element-4c296f1 elementor-widget elementor-widget-spacer\" data-id=\"4c296f1\" data-element_type=\"widget\" data-widget_type=\"spacer.default\">\n\t\t\t\t<div class=\"elementor-widget-container\">\n\t\t\t\t\t\t\t<div class=\"elementor-spacer\">\n\t\t\t<div class=\"elementor-spacer-inner\"><\/div>\n\t\t<\/div>\n\t\t\t\t\t\t<\/div>\n\t\t\t\t<\/div>\n\t\t\t\t\t<\/div>\n\t\t\t\t<\/div>\n\t\t\t\t<\/div>","protected":false},"excerpt":{"rendered":"<p>Qui suis-je ? Passionn\u00e9 de glisse depuis 30 ans et moniteur dipl\u00f4m\u00e9 d\u2019\u00c9tat, j&rsquo;ai cr\u00e9\u00e9 Seven Winds en avril 2025. [&hellip;]<\/p>\n","protected":false},"author":1,"featured_media":0,"parent":0,"menu_order":0,"comment_status":"closed","ping_status":"closed","template":"","meta":{"site-sidebar-layout":"no-sidebar","site-content-layout":"","ast-site-content-layout":"full-width-container","site-content-style":"default","site-sidebar-style":"default","ast-global-header-display":"","ast-banner-title-visibility":"","ast-main-header-display":"","ast-hfb-above-header-display":"","ast-hfb-below-header-display":"","ast-hfb-mobile-header-display":"","site-post-title":"disabled","ast-breadcrumbs-content":"","ast-featured-img":"disabled","footer-sml-layout":"","theme-transparent-header-meta":"","adv-header-id-meta":"","stick-header-meta":"","header-above-stick-meta":"","header-main-stick-meta":"","header-below-stick-meta":"","astra-migrate-meta-layouts":"default","ast-page-background-enabled":"default","ast-page-background-meta":{"desktop":{"background-color":"var(--ast-global-color-5)","background-image":"","background-repeat":"repeat","background-position":"center center","background-size":"auto","background-attachment":"scroll","background-type":"","background-media":"","overlay-type":"","overlay-color":"","overlay-opacity":"","overlay-gradient":""},"tablet":{"background-color":"","background-image":"","background-repeat":"repeat","background-position":"center center","background-size":"auto","background-attachment":"scroll","background-type":"","background-media":"","overlay-type":"","overlay-color":"","overlay-opacity":"","overlay-gradient":""},"mobile":{"background-color":"","background-image":"","background-repeat":"repeat","background-position":"center center","background-size":"auto","background-attachment":"scroll","background-type":"","background-media":"","overlay-type":"","overlay-color":"","overlay-opacity":"","overlay-gradient":""}},"ast-content-background-meta":{"desktop":{"background-color":"var(--ast-global-color-4)","background-image":"","background-repeat":"repeat","background-position":"center center","background-size":"auto","background-attachment":"scroll","background-type":"","background-media":"","overlay-type":"","overlay-color":"","overlay-opacity":"","overlay-gradient":""},"tablet":{"background-color":"var(--ast-global-color-4)","background-image":"","background-repeat":"repeat","background-position":"center center","background-size":"auto","background-attachment":"scroll","background-type":"","background-media":"","overlay-type":"","overlay-color":"","overlay-opacity":"","overlay-gradient":""},"mobile":{"background-color":"var(--ast-global-color-4)","background-image":"","background-repeat":"repeat","background-position":"center center","background-size":"auto","background-attachment":"scroll","background-type":"","background-media":"","overlay-type":"","overlay-color":"","overlay-opacity":"","overlay-gradient":""}},"footnotes":""},"class_list":["post-717","page","type-page","status-publish","hentry"],"yoast_head":"<!-- This site is optimized with the Yoast SEO plugin v27.3 - https:\/\/yoast.com\/product\/yoast-seo-wordpress\/ -->\n<title>Qui suis-je ? - sevenwinds.fr<\/title>\n<meta name=\"robots\" content=\"index, follow, max-snippet:-1, max-image-preview:large, max-video-preview:-1\" \/>\n<link rel=\"canonical\" href=\"https:\/\/sevenwinds.fr\/en\/qui-suis-je\/\" \/>\n<meta property=\"og:locale\" content=\"en_GB\" \/>\n<meta property=\"og:type\" content=\"article\" \/>\n<meta property=\"og:title\" content=\"Qui suis-je ? - sevenwinds.fr\" \/>\n<meta property=\"og:description\" content=\"Qui suis-je ? Passionn\u00e9 de glisse depuis 30 ans et moniteur dipl\u00f4m\u00e9 d\u2019\u00c9tat, j&rsquo;ai cr\u00e9\u00e9 Seven Winds en avril 2025. [&hellip;]\" \/>\n<meta property=\"og:url\" content=\"https:\/\/sevenwinds.fr\/en\/qui-suis-je\/\" \/>\n<meta property=\"og:site_name\" content=\"sevenwinds.fr\" \/>\n<meta property=\"article:modified_time\" content=\"2026-02-02T09:20:02+00:00\" \/>\n<meta property=\"og:image\" content=\"https:\/\/sevenwinds.fr\/wp-content\/uploads\/2026\/01\/image00026-1-scaled.jpeg\" \/>\n\t<meta property=\"og:image:width\" content=\"2560\" \/>\n\t<meta property=\"og:image:height\" content=\"2265\" \/>\n\t<meta property=\"og:image:type\" content=\"image\/jpeg\" \/>\n<meta name=\"twitter:card\" content=\"summary_large_image\" \/>\n<meta name=\"twitter:label1\" content=\"Estimated reading time\" \/>\n\t<meta name=\"twitter:data1\" content=\"1 minute\" \/>\n<script type=\"application\/ld+json\" class=\"yoast-schema-graph\">{\"@context\":\"https:\\\/\\\/schema.org\",\"@graph\":[{\"@type\":\"WebPage\",\"@id\":\"https:\\\/\\\/sevenwinds.fr\\\/qui-suis-je\\\/\",\"url\":\"https:\\\/\\\/sevenwinds.fr\\\/qui-suis-je\\\/\",\"name\":\"Qui suis-je ? - sevenwinds.fr\",\"isPartOf\":{\"@id\":\"https:\\\/\\\/sevenwinds.fr\\\/#website\"},\"primaryImageOfPage\":{\"@id\":\"https:\\\/\\\/sevenwinds.fr\\\/qui-suis-je\\\/#primaryimage\"},\"image\":{\"@id\":\"https:\\\/\\\/sevenwinds.fr\\\/qui-suis-je\\\/#primaryimage\"},\"thumbnailUrl\":\"https:\\\/\\\/sevenwinds.fr\\\/wp-content\\\/uploads\\\/2026\\\/01\\\/image00026-1-1024x906.jpeg\",\"datePublished\":\"2026-01-12T15:43:30+00:00\",\"dateModified\":\"2026-02-02T09:20:02+00:00\",\"breadcrumb\":{\"@id\":\"https:\\\/\\\/sevenwinds.fr\\\/qui-suis-je\\\/#breadcrumb\"},\"inLanguage\":\"en-GB\",\"potentialAction\":[{\"@type\":\"ReadAction\",\"target\":[\"https:\\\/\\\/sevenwinds.fr\\\/qui-suis-je\\\/\"]}]},{\"@type\":\"ImageObject\",\"inLanguage\":\"en-GB\",\"@id\":\"https:\\\/\\\/sevenwinds.fr\\\/qui-suis-je\\\/#primaryimage\",\"url\":\"https:\\\/\\\/sevenwinds.fr\\\/wp-content\\\/uploads\\\/2026\\\/01\\\/image00026-1-1024x906.jpeg\",\"contentUrl\":\"https:\\\/\\\/sevenwinds.fr\\\/wp-content\\\/uploads\\\/2026\\\/01\\\/image00026-1-1024x906.jpeg\"},{\"@type\":\"BreadcrumbList\",\"@id\":\"https:\\\/\\\/sevenwinds.fr\\\/qui-suis-je\\\/#breadcrumb\",\"itemListElement\":[{\"@type\":\"ListItem\",\"position\":1,\"name\":\"Home\",\"item\":\"https:\\\/\\\/sevenwinds.fr\\\/\"},{\"@type\":\"ListItem\",\"position\":2,\"name\":\"Qui suis-je ?\"}]},{\"@type\":\"WebSite\",\"@id\":\"https:\\\/\\\/sevenwinds.fr\\\/#website\",\"url\":\"https:\\\/\\\/sevenwinds.fr\\\/\",\"name\":\"sevenwinds.fr\",\"description\":\"\",\"potentialAction\":[{\"@type\":\"SearchAction\",\"target\":{\"@type\":\"EntryPoint\",\"urlTemplate\":\"https:\\\/\\\/sevenwinds.fr\\\/?s={search_term_string}\"},\"query-input\":{\"@type\":\"PropertyValueSpecification\",\"valueRequired\":true,\"valueName\":\"search_term_string\"}}],\"inLanguage\":\"en-GB\"}]}<\/script>\n<!-- \/ Yoast SEO plugin. -->","yoast_head_json":{"title":"Qui suis-je ? - sevenwinds.fr","robots":{"index":"index","follow":"follow","max-snippet":"max-snippet:-1","max-image-preview":"max-image-preview:large","max-video-preview":"max-video-preview:-1"},"canonical":"https:\/\/sevenwinds.fr\/en\/qui-suis-je\/","og_locale":"en_GB","og_type":"article","og_title":"Qui suis-je ? - sevenwinds.fr","og_description":"Qui suis-je ? Passionn\u00e9 de glisse depuis 30 ans et moniteur dipl\u00f4m\u00e9 d\u2019\u00c9tat, j&rsquo;ai cr\u00e9\u00e9 Seven Winds en avril 2025. [&hellip;]","og_url":"https:\/\/sevenwinds.fr\/en\/qui-suis-je\/","og_site_name":"sevenwinds.fr","article_modified_time":"2026-02-02T09:20:02+00:00","og_image":[{"width":2560,"height":2265,"url":"https:\/\/sevenwinds.fr\/wp-content\/uploads\/2026\/01\/image00026-1-scaled.jpeg","type":"image\/jpeg"}],"twitter_card":"summary_large_image","twitter_misc":{"Estimated reading time":"1 minute"},"schema":{"@context":"https:\/\/schema.org","@graph":[{"@type":"WebPage","@id":"https:\/\/sevenwinds.fr\/qui-suis-je\/","url":"https:\/\/sevenwinds.fr\/qui-suis-je\/","name":"Qui suis-je ? - sevenwinds.fr","isPartOf":{"@id":"https:\/\/sevenwinds.fr\/#website"},"primaryImageOfPage":{"@id":"https:\/\/sevenwinds.fr\/qui-suis-je\/#primaryimage"},"image":{"@id":"https:\/\/sevenwinds.fr\/qui-suis-je\/#primaryimage"},"thumbnailUrl":"https:\/\/sevenwinds.fr\/wp-content\/uploads\/2026\/01\/image00026-1-1024x906.jpeg","datePublished":"2026-01-12T15:43:30+00:00","dateModified":"2026-02-02T09:20:02+00:00","breadcrumb":{"@id":"https:\/\/sevenwinds.fr\/qui-suis-je\/#breadcrumb"},"inLanguage":"en-GB","potentialAction":[{"@type":"ReadAction","target":["https:\/\/sevenwinds.fr\/qui-suis-je\/"]}]},{"@type":"ImageObject","inLanguage":"en-GB","@id":"https:\/\/sevenwinds.fr\/qui-suis-je\/#primaryimage","url":"https:\/\/sevenwinds.fr\/wp-content\/uploads\/2026\/01\/image00026-1-1024x906.jpeg","contentUrl":"https:\/\/sevenwinds.fr\/wp-content\/uploads\/2026\/01\/image00026-1-1024x906.jpeg"},{"@type":"BreadcrumbList","@id":"https:\/\/sevenwinds.fr\/qui-suis-je\/#breadcrumb","itemListElement":[{"@type":"ListItem","position":1,"name":"Home","item":"https:\/\/sevenwinds.fr\/"},{"@type":"ListItem","position":2,"name":"Qui suis-je ?"}]},{"@type":"WebSite","@id":"https:\/\/sevenwinds.fr\/#website","url":"https:\/\/sevenwinds.fr\/","name":"sevenwinds.fr","description":"","potentialAction":[{"@type":"SearchAction","target":{"@type":"EntryPoint","urlTemplate":"https:\/\/sevenwinds.fr\/?s={search_term_string}"},"query-input":{"@type":"PropertyValueSpecification","valueRequired":true,"valueName":"search_term_string"}}],"inLanguage":"en-GB"}]}},"_links":{"self":[{"href":"https:\/\/sevenwinds.fr\/en\/wp-json\/wp\/v2\/pages\/717","targetHints":{"allow":["GET"]}}],"collection":[{"href":"https:\/\/sevenwinds.fr\/en\/wp-json\/wp\/v2\/pages"}],"about":[{"href":"https:\/\/sevenwinds.fr\/en\/wp-json\/wp\/v2\/types\/page"}],"author":[{"embeddable":true,"href":"https:\/\/sevenwinds.fr\/en\/wp-json\/wp\/v2\/users\/1"}],"replies":[{"embeddable":true,"href":"https:\/\/sevenwinds.fr\/en\/wp-json\/wp\/v2\/comments?post=717"}],"version-history":[{"count":42,"href":"https:\/\/sevenwinds.fr\/en\/wp-json\/wp\/v2\/pages\/717\/revisions"}],"predecessor-version":[{"id":1042,"href":"https:\/\/sevenwinds.fr\/en\/wp-json\/wp\/v2\/pages\/717\/revisions\/1042"}],"wp:attachment":[{"href":"https:\/\/sevenwinds.fr\/en\/wp-json\/wp\/v2\/media?parent=717"}],"curies":[{"name":"wp","href":"https:\/\/api.w.org\/{rel}","templated":true}]}}